{"id":26,"date":"2022-03-06T17:02:34","date_gmt":"2022-03-06T20:02:34","guid":{"rendered":"https:\/\/telhasmorandin.com.br\/?page_id=26"},"modified":"2022-03-06T20:43:00","modified_gmt":"2022-03-06T23:43:00","slug":"lajes","status":"publish","type":"page","link":"https:\/\/telhasmorandin.com.br\/index.php\/lajes\/","title":{"rendered":"LAJES"},"content":{"rendered":"\t\t<div data-elementor-type=\"wp-page\" data-elementor-id=\"26\" class=\"elementor elementor-26\" data-elementor-post-type=\"page\">\n\t\t\t\t\t\t<header class=\"elementor-section elementor-top-section elementor-element elementor-element-2344dd85 elementor-section-content-middle elementor-section-boxed elementor-section-height-default elementor-section-height-default\" data-id=\"2344dd85\" data-element_type=\"section\" data-settings=\"{&quot;background_background&quot;:&quot;classic&quot;,&quot;sticky&quot;:&quot;top&quot;,&quot;sticky_on&quot;:[&quot;desktop&quot;,&quot;tablet&quot;,&quot;mobile&quot;],&quot;sticky_offset&quot;:0,&quot;sticky_effects_offset&quot;:0,&quot;sticky_anchor_link_offset&quot;:0}\">\n\t\t\t\t\t\t<div class=\"elementor-container elementor-column-gap-no\">\n\t\t\t\t\t<div class=\"elementor-column elementor-col-25 elementor-top-column elementor-element elementor-element-3104fe66\" data-id=\"3104fe66\" data-element_type=\"column\">\n\t\t\t<div class=\"elementor-widget-wrap\">\n\t\t\t\t\t\t\t<\/div>\n\t\t<\/div>\n\t\t\t\t<div class=\"elementor-column elementor-col-25 elementor-top-column elementor-element elementor-element-2955341e\" data-id=\"2955341e\" data-element_type=\"column\">\n\t\t\t<div class=\"elementor-widget-wrap elementor-element-populated\">\n\t\t\t\t\t\t<div class=\"elementor-element elementor-element-e815054 elementor-widget elementor-widget-image\" data-id=\"e815054\" data-element_type=\"widget\" data-widget_type=\"image.default\">\n\t\t\t\t<div class=\"elementor-widget-container\">\n\t\t\t\t\t\t\t\t\t\t\t\t\t\t\t<img fetchpriority=\"high\" decoding=\"async\" width=\"736\" height=\"386\" src=\"https:\/\/telhasmorandin.com.br\/wp-content\/uploads\/2022\/03\/logo1.png\" class=\"attachment-large size-large wp-image-61\" alt=\"\" srcset=\"https:\/\/telhasmorandin.com.br\/wp-content\/uploads\/2022\/03\/logo1.png 736w, https:\/\/telhasmorandin.com.br\/wp-content\/uploads\/2022\/03\/logo1-300x157.png 300w\" sizes=\"(max-width: 736px) 100vw, 736px\" \/>\t\t\t\t\t\t\t\t\t\t\t\t\t\t\t<\/div>\n\t\t\t\t<\/div>\n\t\t\t\t\t<\/div>\n\t\t<\/div>\n\t\t\t\t<div class=\"elementor-column elementor-col-25 elementor-top-column elementor-element elementor-element-11b824ec\" data-id=\"11b824ec\" data-element_type=\"column\">\n\t\t\t<div class=\"elementor-widget-wrap elementor-element-populated\">\n\t\t\t\t\t\t<div class=\"elementor-element elementor-element-3e0cb223 elementor-nav-menu__align-center elementor-nav-menu--dropdown-mobile elementor-nav-menu--stretch elementor-nav-menu__text-align-center elementor-nav-menu--toggle elementor-nav-menu--burger elementor-widget elementor-widget-nav-menu\" data-id=\"3e0cb223\" data-element_type=\"widget\" data-settings=\"{&quot;full_width&quot;:&quot;stretch&quot;,&quot;layout&quot;:&quot;horizontal&quot;,&quot;submenu_icon&quot;:{&quot;value&quot;:&quot;&lt;i class=\\&quot;fas fa-caret-down\\&quot;&gt;&lt;\\\/i&gt;&quot;,&quot;library&quot;:&quot;fa-solid&quot;},&quot;toggle&quot;:&quot;burger&quot;}\" data-widget_type=\"nav-menu.default\">\n\t\t\t\t<div class=\"elementor-widget-container\">\n\t\t\t\t\t\t\t\t<nav aria-label=\"Menu\" class=\"elementor-nav-menu--main elementor-nav-menu__container elementor-nav-menu--layout-horizontal e--pointer-none\">\n\t\t\t\t<ul id=\"menu-1-3e0cb223\" class=\"elementor-nav-menu\"><li class=\"menu-item menu-item-type-post_type menu-item-object-page menu-item-home menu-item-60\"><a href=\"https:\/\/telhasmorandin.com.br\/\" class=\"elementor-item\">HOME<\/a><\/li>\n<li class=\"menu-item menu-item-type-post_type menu-item-object-page menu-item-59\"><a href=\"https:\/\/telhasmorandin.com.br\/index.php\/nossa-empresa\/\" class=\"elementor-item\">NOSSA EMPRESA<\/a><\/li>\n<li class=\"menu-item menu-item-type-custom menu-item-object-custom menu-item-has-children menu-item-291\"><a href=\"#\" class=\"elementor-item elementor-item-anchor\">PRODUTOS<\/a>\n<ul class=\"sub-menu elementor-nav-menu--dropdown\">\n\t<li class=\"menu-item menu-item-type-post_type menu-item-object-page menu-item-50\"><a href=\"https:\/\/telhasmorandin.com.br\/index.php\/blocos-e-canaletas\/\" class=\"elementor-sub-item\">BLOCOS E CANALETAS<\/a><\/li>\n\t<li class=\"menu-item menu-item-type-post_type menu-item-object-page menu-item-51\"><a href=\"https:\/\/telhasmorandin.com.br\/index.php\/elementos-vazados\/\" class=\"elementor-sub-item\">ELEMENTOS VAZADOS<\/a><\/li>\n\t<li class=\"menu-item menu-item-type-post_type menu-item-object-page menu-item-49\"><a href=\"https:\/\/telhasmorandin.com.br\/index.php\/diversos\/\" class=\"elementor-sub-item\">DIVERSOS<\/a><\/li>\n\t<li class=\"menu-item menu-item-type-post_type menu-item-object-page menu-item-52\"><a href=\"https:\/\/telhasmorandin.com.br\/index.php\/lajes\/\" class=\"elementor-sub-item\">LAJES<\/a><\/li>\n\t<li class=\"menu-item menu-item-type-post_type menu-item-object-page menu-item-53\"><a href=\"https:\/\/telhasmorandin.com.br\/index.php\/telha-portuguesa\/\" class=\"elementor-sub-item\">TELHA PORTUGUESA<\/a><\/li>\n\t<li class=\"menu-item menu-item-type-post_type menu-item-object-page menu-item-54\"><a href=\"https:\/\/telhasmorandin.com.br\/index.php\/telha-romana\/\" class=\"elementor-sub-item\">TELHA ROMANA<\/a><\/li>\n<\/ul>\n<\/li>\n<li class=\"menu-item menu-item-type-post_type menu-item-object-page menu-item-57\"><a href=\"https:\/\/telhasmorandin.com.br\/index.php\/garantia\/\" class=\"elementor-item\">GARANTIA<\/a><\/li>\n<li class=\"menu-item menu-item-type-post_type menu-item-object-page menu-item-56\"><a href=\"https:\/\/telhasmorandin.com.br\/index.php\/marketing\/\" class=\"elementor-item\">MARKETING<\/a><\/li>\n<li class=\"menu-item menu-item-type-post_type menu-item-object-page menu-item-55\"><a href=\"https:\/\/telhasmorandin.com.br\/index.php\/contato\/\" class=\"elementor-item\">CONTATO<\/a><\/li>\n<\/ul>\t\t\t<\/nav>\n\t\t\t\t\t<div class=\"elementor-menu-toggle\" role=\"button\" tabindex=\"0\" aria-label=\"Alternar menu\" aria-expanded=\"false\">\n\t\t\t<i aria-hidden=\"true\" role=\"presentation\" class=\"elementor-menu-toggle__icon--open eicon-menu-bar\"><\/i><i aria-hidden=\"true\" role=\"presentation\" class=\"elementor-menu-toggle__icon--close eicon-close\"><\/i>\t\t<\/div>\n\t\t\t\t\t<nav class=\"elementor-nav-menu--dropdown elementor-nav-menu__container\" aria-hidden=\"true\">\n\t\t\t\t<ul id=\"menu-2-3e0cb223\" class=\"elementor-nav-menu\"><li class=\"menu-item menu-item-type-post_type menu-item-object-page menu-item-home menu-item-60\"><a href=\"https:\/\/telhasmorandin.com.br\/\" class=\"elementor-item\" tabindex=\"-1\">HOME<\/a><\/li>\n<li class=\"menu-item menu-item-type-post_type menu-item-object-page menu-item-59\"><a href=\"https:\/\/telhasmorandin.com.br\/index.php\/nossa-empresa\/\" class=\"elementor-item\" tabindex=\"-1\">NOSSA EMPRESA<\/a><\/li>\n<li class=\"menu-item menu-item-type-custom menu-item-object-custom menu-item-has-children menu-item-291\"><a href=\"#\" class=\"elementor-item elementor-item-anchor\" tabindex=\"-1\">PRODUTOS<\/a>\n<ul class=\"sub-menu elementor-nav-menu--dropdown\">\n\t<li class=\"menu-item menu-item-type-post_type menu-item-object-page menu-item-50\"><a href=\"https:\/\/telhasmorandin.com.br\/index.php\/blocos-e-canaletas\/\" class=\"elementor-sub-item\" tabindex=\"-1\">BLOCOS E CANALETAS<\/a><\/li>\n\t<li class=\"menu-item menu-item-type-post_type menu-item-object-page menu-item-51\"><a href=\"https:\/\/telhasmorandin.com.br\/index.php\/elementos-vazados\/\" class=\"elementor-sub-item\" tabindex=\"-1\">ELEMENTOS VAZADOS<\/a><\/li>\n\t<li class=\"menu-item menu-item-type-post_type menu-item-object-page menu-item-49\"><a href=\"https:\/\/telhasmorandin.com.br\/index.php\/diversos\/\" class=\"elementor-sub-item\" tabindex=\"-1\">DIVERSOS<\/a><\/li>\n\t<li class=\"menu-item menu-item-type-post_type menu-item-object-page menu-item-52\"><a href=\"https:\/\/telhasmorandin.com.br\/index.php\/lajes\/\" class=\"elementor-sub-item\" tabindex=\"-1\">LAJES<\/a><\/li>\n\t<li class=\"menu-item menu-item-type-post_type menu-item-object-page menu-item-53\"><a href=\"https:\/\/telhasmorandin.com.br\/index.php\/telha-portuguesa\/\" class=\"elementor-sub-item\" tabindex=\"-1\">TELHA PORTUGUESA<\/a><\/li>\n\t<li class=\"menu-item menu-item-type-post_type menu-item-object-page menu-item-54\"><a href=\"https:\/\/telhasmorandin.com.br\/index.php\/telha-romana\/\" class=\"elementor-sub-item\" tabindex=\"-1\">TELHA ROMANA<\/a><\/li>\n<\/ul>\n<\/li>\n<li class=\"menu-item menu-item-type-post_type menu-item-object-page menu-item-57\"><a href=\"https:\/\/telhasmorandin.com.br\/index.php\/garantia\/\" class=\"elementor-item\" tabindex=\"-1\">GARANTIA<\/a><\/li>\n<li class=\"menu-item menu-item-type-post_type menu-item-object-page menu-item-56\"><a href=\"https:\/\/telhasmorandin.com.br\/index.php\/marketing\/\" class=\"elementor-item\" tabindex=\"-1\">MARKETING<\/a><\/li>\n<li class=\"menu-item menu-item-type-post_type menu-item-object-page menu-item-55\"><a href=\"https:\/\/telhasmorandin.com.br\/index.php\/contato\/\" class=\"elementor-item\" tabindex=\"-1\">CONTATO<\/a><\/li>\n<\/ul>\t\t\t<\/nav>\n\t\t\t\t\t\t<\/div>\n\t\t\t\t<\/div>\n\t\t\t\t\t<\/div>\n\t\t<\/div>\n\t\t\t\t<div class=\"elementor-column elementor-col-25 elementor-top-column elementor-element elementor-element-539ae0e1\" data-id=\"539ae0e1\" data-element_type=\"column\">\n\t\t\t<div class=\"elementor-widget-wrap\">\n\t\t\t\t\t\t\t<\/div>\n\t\t<\/div>\n\t\t\t\t\t<\/div>\n\t\t<\/header>\n\t\t\t\t<section class=\"elementor-section elementor-top-section elementor-element elementor-element-1e9e6df0 elementor-section-full_width elementor-section-height-default elementor-section-height-default\" data-id=\"1e9e6df0\" data-element_type=\"section\">\n\t\t\t\t\t\t<div class=\"elementor-container elementor-column-gap-no\">\n\t\t\t\t\t<div class=\"elementor-column elementor-col-100 elementor-top-column elementor-element elementor-element-79ec0e1e\" data-id=\"79ec0e1e\" data-element_type=\"column\">\n\t\t\t<div class=\"elementor-widget-wrap\">\n\t\t\t\t\t\t\t<\/div>\n\t\t<\/div>\n\t\t\t\t\t<\/div>\n\t\t<\/section>\n\t\t\t\t<section class=\"elementor-section elementor-top-section elementor-element elementor-element-433761c6 elementor-section-boxed elementor-section-height-default elementor-section-height-default\" data-id=\"433761c6\" data-element_type=\"section\">\n\t\t\t\t\t\t<div class=\"elementor-container elementor-column-gap-default\">\n\t\t\t\t\t<div class=\"elementor-column elementor-col-100 elementor-top-column elementor-element elementor-element-4741f795\" data-id=\"4741f795\" data-element_type=\"column\">\n\t\t\t<div class=\"elementor-widget-wrap elementor-element-populated\">\n\t\t\t\t\t\t<div class=\"elementor-element elementor-element-4b72eda7 elementor-widget elementor-widget-heading\" data-id=\"4b72eda7\" data-element_type=\"widget\" data-widget_type=\"heading.default\">\n\t\t\t\t<div class=\"elementor-widget-container\">\n\t\t\t\t\t<h2 class=\"elementor-heading-title elementor-size-default\">Lajes<\/h2>\t\t\t\t<\/div>\n\t\t\t\t<\/div>\n\t\t\t\t<div class=\"elementor-element elementor-element-6fca8894 elementor-widget elementor-widget-text-editor\" data-id=\"6fca8894\" data-element_type=\"widget\" data-widget_type=\"text-editor.default\">\n\t\t\t\t<div class=\"elementor-widget-container\">\n\t\t\t\t\t\t\t\t\t<p>Os produtos Morandin s\u00e3o fabricados sob os mais r\u00edgidos padr\u00f5es de qualidade, portanto, atendem rigorosamente aos crit\u00e9rios da ABNT NBR 15310.<\/p>\t\t\t\t\t\t\t\t<\/div>\n\t\t\t\t<\/div>\n\t\t\t\t\t<\/div>\n\t\t<\/div>\n\t\t\t\t\t<\/div>\n\t\t<\/section>\n\t\t\t\t<section class=\"elementor-section elementor-top-section elementor-element elementor-element-72691158 elementor-section-boxed elementor-section-height-default elementor-section-height-default\" data-id=\"72691158\" data-element_type=\"section\">\n\t\t\t\t\t\t<div class=\"elementor-container elementor-column-gap-default\">\n\t\t\t\t\t<div class=\"elementor-column elementor-col-33 elementor-top-column elementor-element elementor-element-2325ca11\" data-id=\"2325ca11\" data-element_type=\"column\">\n\t\t\t<div class=\"elementor-widget-wrap elementor-element-populated\">\n\t\t\t\t\t\t<div class=\"elementor-element elementor-element-371e502e elementor-widget elementor-widget-heading\" data-id=\"371e502e\" data-element_type=\"widget\" data-widget_type=\"heading.default\">\n\t\t\t\t<div class=\"elementor-widget-container\">\n\t\t\t\t\t<h2 class=\"elementor-heading-title elementor-size-default\">Laje H6<\/h2>\t\t\t\t<\/div>\n\t\t\t\t<\/div>\n\t\t\t\t<div class=\"elementor-element elementor-element-6be4f946 elementor-widget elementor-widget-image\" data-id=\"6be4f946\" data-element_type=\"widget\" data-widget_type=\"image.default\">\n\t\t\t\t<div class=\"elementor-widget-container\">\n\t\t\t\t\t\t\t\t\t\t\t\t\t\t\t<img decoding=\"async\" width=\"680\" height=\"379\" src=\"https:\/\/telhasmorandin.com.br\/wp-content\/uploads\/2022\/03\/laje-h6.png\" class=\"attachment-large size-large wp-image-283\" alt=\"\" srcset=\"https:\/\/telhasmorandin.com.br\/wp-content\/uploads\/2022\/03\/laje-h6.png 680w, https:\/\/telhasmorandin.com.br\/wp-content\/uploads\/2022\/03\/laje-h6-300x167.png 300w\" sizes=\"(max-width: 680px) 100vw, 680px\" \/>\t\t\t\t\t\t\t\t\t\t\t\t\t\t\t<\/div>\n\t\t\t\t<\/div>\n\t\t\t\t\t<\/div>\n\t\t<\/div>\n\t\t\t\t<div class=\"elementor-column elementor-col-33 elementor-top-column elementor-element elementor-element-3a13f80\" data-id=\"3a13f80\" data-element_type=\"column\">\n\t\t\t<div class=\"elementor-widget-wrap elementor-element-populated\">\n\t\t\t\t\t\t<div class=\"elementor-element elementor-element-369778a elementor-widget elementor-widget-heading\" data-id=\"369778a\" data-element_type=\"widget\" data-widget_type=\"heading.default\">\n\t\t\t\t<div class=\"elementor-widget-container\">\n\t\t\t\t\t<h2 class=\"elementor-heading-title elementor-size-default\">Laje h7<\/h2>\t\t\t\t<\/div>\n\t\t\t\t<\/div>\n\t\t\t\t<div class=\"elementor-element elementor-element-3e9ee54c elementor-widget elementor-widget-image\" data-id=\"3e9ee54c\" data-element_type=\"widget\" data-widget_type=\"image.default\">\n\t\t\t\t<div class=\"elementor-widget-container\">\n\t\t\t\t\t\t\t\t\t\t\t\t\t\t\t<img decoding=\"async\" width=\"563\" height=\"322\" src=\"https:\/\/telhasmorandin.com.br\/wp-content\/uploads\/2022\/03\/laje-h7.png\" class=\"attachment-large size-large wp-image-280\" alt=\"\" srcset=\"https:\/\/telhasmorandin.com.br\/wp-content\/uploads\/2022\/03\/laje-h7.png 563w, https:\/\/telhasmorandin.com.br\/wp-content\/uploads\/2022\/03\/laje-h7-300x172.png 300w\" sizes=\"(max-width: 563px) 100vw, 563px\" \/>\t\t\t\t\t\t\t\t\t\t\t\t\t\t\t<\/div>\n\t\t\t\t<\/div>\n\t\t\t\t\t<\/div>\n\t\t<\/div>\n\t\t\t\t<div class=\"elementor-column elementor-col-33 elementor-top-column elementor-element elementor-element-4f51639e\" data-id=\"4f51639e\" data-element_type=\"column\">\n\t\t\t<div class=\"elementor-widget-wrap elementor-element-populated\">\n\t\t\t\t\t\t<div class=\"elementor-element elementor-element-35bbeae0 elementor-widget elementor-widget-heading\" data-id=\"35bbeae0\" data-element_type=\"widget\" data-widget_type=\"heading.default\">\n\t\t\t\t<div class=\"elementor-widget-container\">\n\t\t\t\t\t<h2 class=\"elementor-heading-title elementor-size-default\">Laje h12<\/h2>\t\t\t\t<\/div>\n\t\t\t\t<\/div>\n\t\t\t\t<div class=\"elementor-element elementor-element-53ba68a2 elementor-widget elementor-widget-image\" data-id=\"53ba68a2\" data-element_type=\"widget\" data-widget_type=\"image.default\">\n\t\t\t\t<div class=\"elementor-widget-container\">\n\t\t\t\t\t\t\t\t\t\t\t\t\t\t\t<img loading=\"lazy\" decoding=\"async\" width=\"487\" height=\"322\" src=\"https:\/\/telhasmorandin.com.br\/wp-content\/uploads\/2022\/03\/h12.png\" class=\"attachment-large size-large wp-image-279\" alt=\"\" srcset=\"https:\/\/telhasmorandin.com.br\/wp-content\/uploads\/2022\/03\/h12.png 487w, https:\/\/telhasmorandin.com.br\/wp-content\/uploads\/2022\/03\/h12-300x198.png 300w\" sizes=\"(max-width: 487px) 100vw, 487px\" \/>\t\t\t\t\t\t\t\t\t\t\t\t\t\t\t<\/div>\n\t\t\t\t<\/div>\n\t\t\t\t\t<\/div>\n\t\t<\/div>\n\t\t\t\t\t<\/div>\n\t\t<\/section>\n\t\t\t\t<section class=\"elementor-section elementor-top-section elementor-element elementor-element-631bac1 elementor-section-boxed elementor-section-height-default elementor-section-height-default\" data-id=\"631bac1\" data-element_type=\"section\">\n\t\t\t\t\t\t<div class=\"elementor-container elementor-column-gap-default\">\n\t\t\t\t\t<div class=\"elementor-column elementor-col-33 elementor-top-column elementor-element elementor-element-285d5fb\" data-id=\"285d5fb\" data-element_type=\"column\">\n\t\t\t<div class=\"elementor-widget-wrap elementor-element-populated\">\n\t\t\t\t\t\t<div class=\"elementor-element elementor-element-4c4ff40 elementor-widget elementor-widget-heading\" data-id=\"4c4ff40\" data-element_type=\"widget\" data-widget_type=\"heading.default\">\n\t\t\t\t<div class=\"elementor-widget-container\">\n\t\t\t\t\t<h2 class=\"elementor-heading-title elementor-size-default\">Laje Meia H6<\/h2>\t\t\t\t<\/div>\n\t\t\t\t<\/div>\n\t\t\t\t<div class=\"elementor-element elementor-element-51ab906 elementor-widget elementor-widget-image\" data-id=\"51ab906\" data-element_type=\"widget\" data-widget_type=\"image.default\">\n\t\t\t\t<div class=\"elementor-widget-container\">\n\t\t\t\t\t\t\t\t\t\t\t\t\t\t\t<img loading=\"lazy\" decoding=\"async\" width=\"712\" height=\"393\" src=\"https:\/\/telhasmorandin.com.br\/wp-content\/uploads\/2022\/03\/laje-meia-h6.png\" class=\"attachment-large size-large wp-image-281\" alt=\"\" srcset=\"https:\/\/telhasmorandin.com.br\/wp-content\/uploads\/2022\/03\/laje-meia-h6.png 712w, https:\/\/telhasmorandin.com.br\/wp-content\/uploads\/2022\/03\/laje-meia-h6-300x166.png 300w\" sizes=\"(max-width: 712px) 100vw, 712px\" \/>\t\t\t\t\t\t\t\t\t\t\t\t\t\t\t<\/div>\n\t\t\t\t<\/div>\n\t\t\t\t\t<\/div>\n\t\t<\/div>\n\t\t\t\t<div class=\"elementor-column elementor-col-33 elementor-top-column elementor-element elementor-element-d87d938\" data-id=\"d87d938\" data-element_type=\"column\">\n\t\t\t<div class=\"elementor-widget-wrap elementor-element-populated\">\n\t\t\t\t\t\t<div class=\"elementor-element elementor-element-e2490ad elementor-widget elementor-widget-heading\" data-id=\"e2490ad\" data-element_type=\"widget\" data-widget_type=\"heading.default\">\n\t\t\t\t<div class=\"elementor-widget-container\">\n\t\t\t\t\t<h2 class=\"elementor-heading-title elementor-size-default\">Laje Meia h7<\/h2>\t\t\t\t<\/div>\n\t\t\t\t<\/div>\n\t\t\t\t<div class=\"elementor-element elementor-element-02ac8e7 elementor-widget elementor-widget-image\" data-id=\"02ac8e7\" data-element_type=\"widget\" data-widget_type=\"image.default\">\n\t\t\t\t<div class=\"elementor-widget-container\">\n\t\t\t\t\t\t\t\t\t\t\t\t\t\t\t<img loading=\"lazy\" decoding=\"async\" width=\"678\" height=\"393\" src=\"https:\/\/telhasmorandin.com.br\/wp-content\/uploads\/2022\/03\/laje-meia-h7.png\" class=\"attachment-large size-large wp-image-282\" alt=\"\" srcset=\"https:\/\/telhasmorandin.com.br\/wp-content\/uploads\/2022\/03\/laje-meia-h7.png 678w, https:\/\/telhasmorandin.com.br\/wp-content\/uploads\/2022\/03\/laje-meia-h7-300x174.png 300w\" sizes=\"(max-width: 678px) 100vw, 678px\" \/>\t\t\t\t\t\t\t\t\t\t\t\t\t\t\t<\/div>\n\t\t\t\t<\/div>\n\t\t\t\t\t<\/div>\n\t\t<\/div>\n\t\t\t\t<div class=\"elementor-column elementor-col-33 elementor-top-column elementor-element elementor-element-14f697e\" data-id=\"14f697e\" data-element_type=\"column\">\n\t\t\t<div class=\"elementor-widget-wrap elementor-element-populated\">\n\t\t\t\t\t\t<div class=\"elementor-element elementor-element-8dc6853 elementor-widget elementor-widget-heading\" data-id=\"8dc6853\" data-element_type=\"widget\" data-widget_type=\"heading.default\">\n\t\t\t\t<div class=\"elementor-widget-container\">\n\t\t\t\t\t<h2 class=\"elementor-heading-title elementor-size-default\">Tubo Coxim<\/h2>\t\t\t\t<\/div>\n\t\t\t\t<\/div>\n\t\t\t\t<div class=\"elementor-element elementor-element-2d7d236 elementor-widget elementor-widget-image\" data-id=\"2d7d236\" data-element_type=\"widget\" data-widget_type=\"image.default\">\n\t\t\t\t<div class=\"elementor-widget-container\">\n\t\t\t\t\t\t\t\t\t\t\t\t\t\t\t<img loading=\"lazy\" decoding=\"async\" width=\"468\" height=\"393\" src=\"https:\/\/telhasmorandin.com.br\/wp-content\/uploads\/2022\/03\/tubo-coxim.png\" class=\"attachment-large size-large wp-image-284\" alt=\"\" srcset=\"https:\/\/telhasmorandin.com.br\/wp-content\/uploads\/2022\/03\/tubo-coxim.png 468w, https:\/\/telhasmorandin.com.br\/wp-content\/uploads\/2022\/03\/tubo-coxim-300x252.png 300w\" sizes=\"(max-width: 468px) 100vw, 468px\" \/>\t\t\t\t\t\t\t\t\t\t\t\t\t\t\t<\/div>\n\t\t\t\t<\/div>\n\t\t\t\t\t<\/div>\n\t\t<\/div>\n\t\t\t\t\t<\/div>\n\t\t<\/section>\n\t\t\t\t<section class=\"elementor-section elementor-top-section elementor-element elementor-element-3c3623c2 elementor-section-boxed elementor-section-height-default elementor-section-height-default\" data-id=\"3c3623c2\" data-element_type=\"section\">\n\t\t\t\t\t\t<div class=\"elementor-container elementor-column-gap-default\">\n\t\t\t\t\t<div class=\"elementor-column elementor-col-100 elementor-top-column elementor-element elementor-element-29aa3eef\" data-id=\"29aa3eef\" data-element_type=\"column\">\n\t\t\t<div class=\"elementor-widget-wrap elementor-element-populated\">\n\t\t\t\t\t\t<section class=\"elementor-section elementor-inner-section elementor-element elementor-element-272420d1 elementor-section-boxed elementor-section-height-default elementor-section-height-default\" data-id=\"272420d1\" data-element_type=\"section\">\n\t\t\t\t\t\t<div class=\"elementor-container elementor-column-gap-default\">\n\t\t\t\t\t<div class=\"elementor-column elementor-col-100 elementor-inner-column elementor-element elementor-element-125cf3a4\" data-id=\"125cf3a4\" data-element_type=\"column\">\n\t\t\t<div class=\"elementor-widget-wrap elementor-element-populated\">\n\t\t\t\t\t\t<div class=\"elementor-element elementor-element-672a482b elementor-widget elementor-widget-text-editor\" data-id=\"672a482b\" data-element_type=\"widget\" data-widget_type=\"text-editor.default\">\n\t\t\t\t<div class=\"elementor-widget-container\">\n\t\t\t\t\t\t\t\t\t<p><strong>Morandin Produtos Cer\u00e2micos<\/strong><br>Estrada Municipal Tamba\u00fa &#8211; Campo Redondo, Km 0,2 &#8211;&nbsp;Zona Rural &#8211; Tamba\u00fa &#8211; SP &#8211; CEP 13.710-000<br>(19) 3673.1860&nbsp;&#8211; 3673.3190 &nbsp; &nbsp; &nbsp; &nbsp; &nbsp; &nbsp;<a href=\"mailto:csa@csamorandin.com.br?subject=Contato%20atrav%E9s%20do%20site\">vendas@telhasmorandin.com.br<\/a><\/p>\t\t\t\t\t\t\t\t<\/div>\n\t\t\t\t<\/div>\n\t\t\t\t\t<\/div>\n\t\t<\/div>\n\t\t\t\t\t<\/div>\n\t\t<\/section>\n\t\t\t\t<section class=\"elementor-section elementor-inner-section elementor-element elementor-element-5ba43547 elementor-section-content-middle elementor-section-boxed elementor-section-height-default elementor-section-height-default\" data-id=\"5ba43547\" data-element_type=\"section\">\n\t\t\t\t\t\t<div class=\"elementor-container elementor-column-gap-default\">\n\t\t\t\t\t<div class=\"elementor-column elementor-col-100 elementor-inner-column elementor-element elementor-element-1e156ed8\" data-id=\"1e156ed8\" data-element_type=\"column\">\n\t\t\t<div class=\"elementor-widget-wrap elementor-element-populated\">\n\t\t\t\t\t\t<div class=\"elementor-element elementor-element-6d40f83d elementor-icon-list--layout-inline elementor-widget__width-auto elementor-mobile-align-center elementor-widget-mobile__width-inherit elementor-list-item-link-full_width elementor-widget elementor-widget-icon-list\" data-id=\"6d40f83d\" data-element_type=\"widget\" data-widget_type=\"icon-list.default\">\n\t\t\t\t<div class=\"elementor-widget-container\">\n\t\t\t\t\t\t\t<ul class=\"elementor-icon-list-items elementor-inline-items\">\n\t\t\t\t\t\t\t<li class=\"elementor-icon-list-item elementor-inline-item\">\n\t\t\t\t\t\t\t\t\t\t\t<a href=\"https:\/\/www.facebook.com\/telhasmorandin\">\n\n\t\t\t\t\t\t\t\t\t\t\t\t<span class=\"elementor-icon-list-icon\">\n\t\t\t\t\t\t\t<i aria-hidden=\"true\" class=\"fab fa-facebook-square\"><\/i>\t\t\t\t\t\t<\/span>\n\t\t\t\t\t\t\t\t\t\t<span class=\"elementor-icon-list-text\"><\/span>\n\t\t\t\t\t\t\t\t\t\t\t<\/a>\n\t\t\t\t\t\t\t\t\t<\/li>\n\t\t\t\t\t\t\t\t<li class=\"elementor-icon-list-item elementor-inline-item\">\n\t\t\t\t\t\t\t\t\t\t\t<a href=\"https:\/\/api.whatsapp.com\/send?phone=5519971308563&#038;text=Ol%C3%A1!%20Gostaria,%20de%20um%20or%C3%A7amento!%20Vim%20atrav%C3%A9s%20do%20site\">\n\n\t\t\t\t\t\t\t\t\t\t\t\t<span class=\"elementor-icon-list-icon\">\n\t\t\t\t\t\t\t<i aria-hidden=\"true\" class=\"fab fa-whatsapp\"><\/i>\t\t\t\t\t\t<\/span>\n\t\t\t\t\t\t\t\t\t\t<span class=\"elementor-icon-list-text\"><\/span>\n\t\t\t\t\t\t\t\t\t\t\t<\/a>\n\t\t\t\t\t\t\t\t\t<\/li>\n\t\t\t\t\t\t<\/ul>\n\t\t\t\t\t\t<\/div>\n\t\t\t\t<\/div>\n\t\t\t\t\t<\/div>\n\t\t<\/div>\n\t\t\t\t\t<\/div>\n\t\t<\/section>\n\t\t\t\t\t<\/div>\n\t\t<\/div>\n\t\t\t\t\t<\/div>\n\t\t<\/section>\n\t\t\t\t<\/div>\n\t\t","protected":false},"excerpt":{"rendered":"<p>Lajes Os produtos Morandin s\u00e3o fabricados sob os mais r\u00edgidos padr\u00f5es de qualidade, portanto, atendem rigorosamente aos crit\u00e9rios da ABNT NBR 15310. Laje H6 Laje h7 Laje h12 Laje Meia H6 Laje Meia h7 Tubo Coxim Morandin Produtos Cer\u00e2micosEstrada Municipal Tamba\u00fa &#8211; Campo Redondo, Km 0,2 &#8211;&nbsp;Zona Rural &#8211; Tamba\u00fa &#8211; SP &#8211; CEP 13.710-000(19) [&hellip;]<\/p>\n","protected":false},"author":1,"featured_media":0,"parent":0,"menu_order":0,"comment_status":"closed","ping_status":"closed","template":"elementor_canvas","meta":{"footnotes":""},"class_list":["post-26","page","type-page","status-publish","hentry","entry"],"_links":{"self":[{"href":"https:\/\/telhasmorandin.com.br\/index.php\/wp-json\/wp\/v2\/pages\/26","targetHints":{"allow":["GET"]}}],"collection":[{"href":"https:\/\/telhasmorandin.com.br\/index.php\/wp-json\/wp\/v2\/pages"}],"about":[{"href":"https:\/\/telhasmorandin.com.br\/index.php\/wp-json\/wp\/v2\/types\/page"}],"author":[{"embeddable":true,"href":"https:\/\/telhasmorandin.com.br\/index.php\/wp-json\/wp\/v2\/users\/1"}],"replies":[{"embeddable":true,"href":"https:\/\/telhasmorandin.com.br\/index.php\/wp-json\/wp\/v2\/comments?post=26"}],"version-history":[{"count":5,"href":"https:\/\/telhasmorandin.com.br\/index.php\/wp-json\/wp\/v2\/pages\/26\/revisions"}],"predecessor-version":[{"id":287,"href":"https:\/\/telhasmorandin.com.br\/index.php\/wp-json\/wp\/v2\/pages\/26\/revisions\/287"}],"wp:attachment":[{"href":"https:\/\/telhasmorandin.com.br\/index.php\/wp-json\/wp\/v2\/media?parent=26"}],"curies":[{"name":"wp","href":"https:\/\/api.w.org\/{rel}","templated":true}]}}