{"id":12,"date":"2022-03-06T17:00:16","date_gmt":"2022-03-06T20:00:16","guid":{"rendered":"https:\/\/telhasmorandin.com.br\/?page_id=12"},"modified":"2025-09-29T14:17:08","modified_gmt":"2025-09-29T17:17:08","slug":"nossa-empresa","status":"publish","type":"page","link":"https:\/\/telhasmorandin.com.br\/index.php\/nossa-empresa\/","title":{"rendered":"NOSSA EMPRESA"},"content":{"rendered":"\t\t<div data-elementor-type=\"wp-page\" data-elementor-id=\"12\" class=\"elementor elementor-12\" data-elementor-post-type=\"page\">\n\t\t\t\t\t\t<header class=\"elementor-section elementor-top-section elementor-element elementor-element-c4bd7b2 elementor-section-content-middle elementor-section-boxed elementor-section-height-default elementor-section-height-default\" data-id=\"c4bd7b2\" data-element_type=\"section\" data-settings=\"{&quot;background_background&quot;:&quot;classic&quot;,&quot;sticky&quot;:&quot;top&quot;,&quot;sticky_on&quot;:[&quot;desktop&quot;,&quot;tablet&quot;,&quot;mobile&quot;],&quot;sticky_offset&quot;:0,&quot;sticky_effects_offset&quot;:0,&quot;sticky_anchor_link_offset&quot;:0}\">\n\t\t\t\t\t\t<div class=\"elementor-container elementor-column-gap-no\">\n\t\t\t\t\t<div class=\"elementor-column elementor-col-25 elementor-top-column elementor-element elementor-element-376cc6db\" data-id=\"376cc6db\" data-element_type=\"column\">\n\t\t\t<div class=\"elementor-widget-wrap\">\n\t\t\t\t\t\t\t<\/div>\n\t\t<\/div>\n\t\t\t\t<div class=\"elementor-column elementor-col-25 elementor-top-column elementor-element elementor-element-6aec963c\" data-id=\"6aec963c\" data-element_type=\"column\">\n\t\t\t<div class=\"elementor-widget-wrap elementor-element-populated\">\n\t\t\t\t\t\t<div class=\"elementor-element elementor-element-3c02f10c elementor-widget elementor-widget-image\" data-id=\"3c02f10c\" data-element_type=\"widget\" data-widget_type=\"image.default\">\n\t\t\t\t<div class=\"elementor-widget-container\">\n\t\t\t\t\t\t\t\t\t\t\t\t\t\t\t<img fetchpriority=\"high\" decoding=\"async\" width=\"736\" height=\"386\" src=\"https:\/\/telhasmorandin.com.br\/wp-content\/uploads\/2022\/03\/logo1.png\" class=\"attachment-large size-large wp-image-61\" alt=\"\" srcset=\"https:\/\/telhasmorandin.com.br\/wp-content\/uploads\/2022\/03\/logo1.png 736w, https:\/\/telhasmorandin.com.br\/wp-content\/uploads\/2022\/03\/logo1-300x157.png 300w\" sizes=\"(max-width: 736px) 100vw, 736px\" \/>\t\t\t\t\t\t\t\t\t\t\t\t\t\t\t<\/div>\n\t\t\t\t<\/div>\n\t\t\t\t\t<\/div>\n\t\t<\/div>\n\t\t\t\t<div class=\"elementor-column elementor-col-25 elementor-top-column elementor-element elementor-element-25152416\" data-id=\"25152416\" data-element_type=\"column\">\n\t\t\t<div class=\"elementor-widget-wrap elementor-element-populated\">\n\t\t\t\t\t\t<div class=\"elementor-element elementor-element-58b4adee elementor-nav-menu__align-center elementor-nav-menu--dropdown-mobile elementor-nav-menu--stretch elementor-nav-menu__text-align-center elementor-nav-menu--toggle elementor-nav-menu--burger elementor-widget elementor-widget-nav-menu\" data-id=\"58b4adee\" data-element_type=\"widget\" data-settings=\"{&quot;full_width&quot;:&quot;stretch&quot;,&quot;layout&quot;:&quot;horizontal&quot;,&quot;submenu_icon&quot;:{&quot;value&quot;:&quot;&lt;i class=\\&quot;fas fa-caret-down\\&quot;&gt;&lt;\\\/i&gt;&quot;,&quot;library&quot;:&quot;fa-solid&quot;},&quot;toggle&quot;:&quot;burger&quot;}\" data-widget_type=\"nav-menu.default\">\n\t\t\t\t<div class=\"elementor-widget-container\">\n\t\t\t\t\t\t\t\t<nav aria-label=\"Menu\" class=\"elementor-nav-menu--main elementor-nav-menu__container elementor-nav-menu--layout-horizontal e--pointer-none\">\n\t\t\t\t<ul id=\"menu-1-58b4adee\" class=\"elementor-nav-menu\"><li class=\"menu-item menu-item-type-post_type menu-item-object-page menu-item-home menu-item-60\"><a href=\"https:\/\/telhasmorandin.com.br\/\" class=\"elementor-item\">HOME<\/a><\/li>\n<li class=\"menu-item menu-item-type-post_type menu-item-object-page menu-item-59\"><a href=\"https:\/\/telhasmorandin.com.br\/index.php\/nossa-empresa\/\" class=\"elementor-item\">NOSSA EMPRESA<\/a><\/li>\n<li class=\"menu-item menu-item-type-custom menu-item-object-custom menu-item-has-children menu-item-291\"><a href=\"#\" class=\"elementor-item elementor-item-anchor\">PRODUTOS<\/a>\n<ul class=\"sub-menu elementor-nav-menu--dropdown\">\n\t<li class=\"menu-item menu-item-type-post_type menu-item-object-page menu-item-50\"><a href=\"https:\/\/telhasmorandin.com.br\/index.php\/blocos-e-canaletas\/\" class=\"elementor-sub-item\">BLOCOS E CANALETAS<\/a><\/li>\n\t<li class=\"menu-item menu-item-type-post_type menu-item-object-page menu-item-51\"><a href=\"https:\/\/telhasmorandin.com.br\/index.php\/elementos-vazados\/\" class=\"elementor-sub-item\">ELEMENTOS VAZADOS<\/a><\/li>\n\t<li class=\"menu-item menu-item-type-post_type menu-item-object-page menu-item-49\"><a href=\"https:\/\/telhasmorandin.com.br\/index.php\/diversos\/\" class=\"elementor-sub-item\">DIVERSOS<\/a><\/li>\n\t<li class=\"menu-item menu-item-type-post_type menu-item-object-page menu-item-52\"><a href=\"https:\/\/telhasmorandin.com.br\/index.php\/lajes\/\" class=\"elementor-sub-item\">LAJES<\/a><\/li>\n\t<li class=\"menu-item menu-item-type-post_type menu-item-object-page menu-item-53\"><a href=\"https:\/\/telhasmorandin.com.br\/index.php\/telha-portuguesa\/\" class=\"elementor-sub-item\">TELHA PORTUGUESA<\/a><\/li>\n\t<li class=\"menu-item menu-item-type-post_type menu-item-object-page menu-item-54\"><a href=\"https:\/\/telhasmorandin.com.br\/index.php\/telha-romana\/\" class=\"elementor-sub-item\">TELHA ROMANA<\/a><\/li>\n<\/ul>\n<\/li>\n<li class=\"menu-item menu-item-type-post_type menu-item-object-page menu-item-57\"><a href=\"https:\/\/telhasmorandin.com.br\/index.php\/garantia\/\" class=\"elementor-item\">GARANTIA<\/a><\/li>\n<li class=\"menu-item menu-item-type-post_type menu-item-object-page menu-item-56\"><a href=\"https:\/\/telhasmorandin.com.br\/index.php\/marketing\/\" class=\"elementor-item\">MARKETING<\/a><\/li>\n<li class=\"menu-item menu-item-type-post_type menu-item-object-page menu-item-55\"><a href=\"https:\/\/telhasmorandin.com.br\/index.php\/contato\/\" class=\"elementor-item\">CONTATO<\/a><\/li>\n<\/ul>\t\t\t<\/nav>\n\t\t\t\t\t<div class=\"elementor-menu-toggle\" role=\"button\" tabindex=\"0\" aria-label=\"Alternar menu\" aria-expanded=\"false\">\n\t\t\t<i aria-hidden=\"true\" role=\"presentation\" class=\"elementor-menu-toggle__icon--open eicon-menu-bar\"><\/i><i aria-hidden=\"true\" role=\"presentation\" class=\"elementor-menu-toggle__icon--close eicon-close\"><\/i>\t\t<\/div>\n\t\t\t\t\t<nav class=\"elementor-nav-menu--dropdown elementor-nav-menu__container\" aria-hidden=\"true\">\n\t\t\t\t<ul id=\"menu-2-58b4adee\" class=\"elementor-nav-menu\"><li class=\"menu-item menu-item-type-post_type menu-item-object-page menu-item-home menu-item-60\"><a href=\"https:\/\/telhasmorandin.com.br\/\" class=\"elementor-item\" tabindex=\"-1\">HOME<\/a><\/li>\n<li class=\"menu-item menu-item-type-post_type menu-item-object-page menu-item-59\"><a href=\"https:\/\/telhasmorandin.com.br\/index.php\/nossa-empresa\/\" class=\"elementor-item\" tabindex=\"-1\">NOSSA EMPRESA<\/a><\/li>\n<li class=\"menu-item menu-item-type-custom menu-item-object-custom menu-item-has-children menu-item-291\"><a href=\"#\" class=\"elementor-item elementor-item-anchor\" tabindex=\"-1\">PRODUTOS<\/a>\n<ul class=\"sub-menu elementor-nav-menu--dropdown\">\n\t<li class=\"menu-item menu-item-type-post_type menu-item-object-page menu-item-50\"><a href=\"https:\/\/telhasmorandin.com.br\/index.php\/blocos-e-canaletas\/\" class=\"elementor-sub-item\" tabindex=\"-1\">BLOCOS E CANALETAS<\/a><\/li>\n\t<li class=\"menu-item menu-item-type-post_type menu-item-object-page menu-item-51\"><a href=\"https:\/\/telhasmorandin.com.br\/index.php\/elementos-vazados\/\" class=\"elementor-sub-item\" tabindex=\"-1\">ELEMENTOS VAZADOS<\/a><\/li>\n\t<li class=\"menu-item menu-item-type-post_type menu-item-object-page menu-item-49\"><a href=\"https:\/\/telhasmorandin.com.br\/index.php\/diversos\/\" class=\"elementor-sub-item\" tabindex=\"-1\">DIVERSOS<\/a><\/li>\n\t<li class=\"menu-item menu-item-type-post_type menu-item-object-page menu-item-52\"><a href=\"https:\/\/telhasmorandin.com.br\/index.php\/lajes\/\" class=\"elementor-sub-item\" tabindex=\"-1\">LAJES<\/a><\/li>\n\t<li class=\"menu-item menu-item-type-post_type menu-item-object-page menu-item-53\"><a href=\"https:\/\/telhasmorandin.com.br\/index.php\/telha-portuguesa\/\" class=\"elementor-sub-item\" tabindex=\"-1\">TELHA PORTUGUESA<\/a><\/li>\n\t<li class=\"menu-item menu-item-type-post_type menu-item-object-page menu-item-54\"><a href=\"https:\/\/telhasmorandin.com.br\/index.php\/telha-romana\/\" class=\"elementor-sub-item\" tabindex=\"-1\">TELHA ROMANA<\/a><\/li>\n<\/ul>\n<\/li>\n<li class=\"menu-item menu-item-type-post_type menu-item-object-page menu-item-57\"><a href=\"https:\/\/telhasmorandin.com.br\/index.php\/garantia\/\" class=\"elementor-item\" tabindex=\"-1\">GARANTIA<\/a><\/li>\n<li class=\"menu-item menu-item-type-post_type menu-item-object-page menu-item-56\"><a href=\"https:\/\/telhasmorandin.com.br\/index.php\/marketing\/\" class=\"elementor-item\" tabindex=\"-1\">MARKETING<\/a><\/li>\n<li class=\"menu-item menu-item-type-post_type menu-item-object-page menu-item-55\"><a href=\"https:\/\/telhasmorandin.com.br\/index.php\/contato\/\" class=\"elementor-item\" tabindex=\"-1\">CONTATO<\/a><\/li>\n<\/ul>\t\t\t<\/nav>\n\t\t\t\t\t\t<\/div>\n\t\t\t\t<\/div>\n\t\t\t\t\t<\/div>\n\t\t<\/div>\n\t\t\t\t<div class=\"elementor-column elementor-col-25 elementor-top-column elementor-element elementor-element-6e3be581\" data-id=\"6e3be581\" data-element_type=\"column\">\n\t\t\t<div class=\"elementor-widget-wrap\">\n\t\t\t\t\t\t\t<\/div>\n\t\t<\/div>\n\t\t\t\t\t<\/div>\n\t\t<\/header>\n\t\t\t\t<section class=\"elementor-section elementor-top-section elementor-element elementor-element-44827530 elementor-section-full_width elementor-section-height-default elementor-section-height-default\" data-id=\"44827530\" data-element_type=\"section\">\n\t\t\t\t\t\t<div class=\"elementor-container elementor-column-gap-no\">\n\t\t\t\t\t<div class=\"elementor-column elementor-col-100 elementor-top-column elementor-element elementor-element-b45c517\" data-id=\"b45c517\" data-element_type=\"column\">\n\t\t\t<div class=\"elementor-widget-wrap\">\n\t\t\t\t\t\t\t<\/div>\n\t\t<\/div>\n\t\t\t\t\t<\/div>\n\t\t<\/section>\n\t\t\t\t<section class=\"elementor-section elementor-top-section elementor-element elementor-element-1bac938 elementor-section-boxed elementor-section-height-default elementor-section-height-default\" data-id=\"1bac938\" data-element_type=\"section\">\n\t\t\t\t\t\t<div class=\"elementor-container elementor-column-gap-default\">\n\t\t\t\t\t<div class=\"elementor-column elementor-col-100 elementor-top-column elementor-element elementor-element-236d3b1\" data-id=\"236d3b1\" data-element_type=\"column\">\n\t\t\t<div class=\"elementor-widget-wrap elementor-element-populated\">\n\t\t\t\t\t\t<div class=\"elementor-element elementor-element-b5543bc elementor-widget elementor-widget-heading\" data-id=\"b5543bc\" data-element_type=\"widget\" data-widget_type=\"heading.default\">\n\t\t\t\t<div class=\"elementor-widget-container\">\n\t\t\t\t\t<h2 class=\"elementor-heading-title elementor-size-default\">Nossa Empresa<\/h2>\t\t\t\t<\/div>\n\t\t\t\t<\/div>\n\t\t\t\t<div class=\"elementor-element elementor-element-83573df elementor-widget elementor-widget-text-editor\" data-id=\"83573df\" data-element_type=\"widget\" data-widget_type=\"text-editor.default\">\n\t\t\t\t<div class=\"elementor-widget-container\">\n\t\t\t\t\t\t\t\t\t<p class=\"font8\" style=\"margin: 0cm; margin-bottom: .0001pt; text-align: justify; vertical-align: baseline;\"><span style=\"font-size: 10.5pt; color: black;\">A Empresa Morandin Produtos Cer\u00e2micos, fundada em 1968, contando atualmente com 20.000 m de \u00e1rea, est\u00e1 estrategicamente instalada na cidade de Tamba\u00fa\/SP, um dos maiores p\u00f3los de cer\u00e2mica vermelha do Brasil.<\/span><\/p><p class=\"font8\" style=\"margin: 0cm; margin-bottom: .0001pt; text-align: justify; vertical-align: baseline;\"><span style=\"font-size: 10.5pt; color: black;\">As telhas produzidas pela Morandin Produtos Cer\u00e2micos foram elaboradas atendendo um rigoroso controle de qualidade, observado desde a extra\u00e7\u00e3o da argila at\u00e9 a entrega da mercadoria na obra do cliente.<br \/>Al\u00e9m disso, a Morandin Produtos Cer\u00e2micos, preocupada com o meio ambiente, utiliza argila somente legalizada pelos \u00f3rg\u00e3os competentes e mant\u00e9m reflorestamento pr\u00f3prio.<\/span><\/p><p class=\"font8\" style=\"margin: 0cm; margin-bottom: .0001pt; text-align: justify; vertical-align: baseline;\"><span style=\"font-size: 10.5pt; color: black;\">Tamb\u00e9m, reaproveita madeiras descartadas e \u00e1guas das chuvas, para prepara\u00e7\u00e3o da mat\u00e9ria prima e durante todo o processo da fabrica\u00e7\u00e3o do produto. Os res\u00edduos que sobram, s\u00e3o transformados em outros produtos.<\/span><\/p><p class=\"font8\" style=\"margin: 0cm; margin-bottom: .0001pt; text-align: justify; vertical-align: baseline;\"><span style=\"font-size: 10.5pt; color: black;\">Ademais, a Morandin Produtos Cer\u00e2micos observando a legisla\u00e7\u00e3o vigente, n\u00e3o emprega m\u00e3o-de-obra infantil, ao contr\u00e1rio, ap\u00f3ia e patrocina diversos programas para aperfei\u00e7oamento e desenvolvimento de jovens. Perceba, pois, que a Morandin Produtos Cer\u00e2micos n\u00e3o \u00e9 uma simples empresa que produz materiais cer\u00e2micos de alta qualidade. Mais do que isso, o valor de suas atividades est\u00e1 interligado \u00e0 conserva\u00e7\u00e3o do meio ambiente, bem como as quest\u00f5es sociais.<\/span><\/p>\t\t\t\t\t\t\t\t<\/div>\n\t\t\t\t<\/div>\n\t\t\t\t\t<\/div>\n\t\t<\/div>\n\t\t\t\t\t<\/div>\n\t\t<\/section>\n\t\t\t\t<section class=\"elementor-section elementor-top-section elementor-element elementor-element-0ff8920 elementor-section-full_width elementor-section-height-default elementor-section-height-default\" data-id=\"0ff8920\" data-element_type=\"section\">\n\t\t\t\t\t\t<div class=\"elementor-container elementor-column-gap-no\">\n\t\t\t\t\t<div class=\"elementor-column elementor-col-100 elementor-top-column elementor-element elementor-element-5547d6a\" data-id=\"5547d6a\" data-element_type=\"column\">\n\t\t\t<div class=\"elementor-widget-wrap elementor-element-populated\">\n\t\t\t\t\t\t<div class=\"elementor-element elementor-element-3156ba9 elementor-widget elementor-widget-image\" data-id=\"3156ba9\" data-element_type=\"widget\" data-widget_type=\"image.default\">\n\t\t\t\t<div class=\"elementor-widget-container\">\n\t\t\t\t\t\t\t\t\t\t\t\t\t\t\t<img decoding=\"async\" width=\"922\" height=\"109\" src=\"https:\/\/telhasmorandin.com.br\/wp-content\/uploads\/2022\/03\/nossa-empresa-foto-abaixo-do-texto.png\" class=\"attachment-large size-large wp-image-111\" alt=\"\" srcset=\"https:\/\/telhasmorandin.com.br\/wp-content\/uploads\/2022\/03\/nossa-empresa-foto-abaixo-do-texto.png 922w, https:\/\/telhasmorandin.com.br\/wp-content\/uploads\/2022\/03\/nossa-empresa-foto-abaixo-do-texto-300x35.png 300w, https:\/\/telhasmorandin.com.br\/wp-content\/uploads\/2022\/03\/nossa-empresa-foto-abaixo-do-texto-768x91.png 768w\" sizes=\"(max-width: 922px) 100vw, 922px\" \/>\t\t\t\t\t\t\t\t\t\t\t\t\t\t\t<\/div>\n\t\t\t\t<\/div>\n\t\t\t\t\t<\/div>\n\t\t<\/div>\n\t\t\t\t\t<\/div>\n\t\t<\/section>\n\t\t\t\t<section class=\"elementor-section elementor-top-section elementor-element elementor-element-99b0445 elementor-section-boxed elementor-section-height-default elementor-section-height-default\" data-id=\"99b0445\" data-element_type=\"section\">\n\t\t\t\t\t\t<div class=\"elementor-container elementor-column-gap-default\">\n\t\t\t\t\t<div class=\"elementor-column elementor-col-100 elementor-top-column elementor-element elementor-element-c3a7fad\" data-id=\"c3a7fad\" data-element_type=\"column\">\n\t\t\t<div class=\"elementor-widget-wrap elementor-element-populated\">\n\t\t\t\t\t\t<div class=\"elementor-element elementor-element-493c882 elementor-widget elementor-widget-heading\" data-id=\"493c882\" data-element_type=\"widget\" data-widget_type=\"heading.default\">\n\t\t\t\t<div class=\"elementor-widget-container\">\n\t\t\t\t\t<h2 class=\"elementor-heading-title elementor-size-default\">Sustentabilidade<\/h2>\t\t\t\t<\/div>\n\t\t\t\t<\/div>\n\t\t\t\t<div class=\"elementor-element elementor-element-722ba1f elementor-widget elementor-widget-text-editor\" data-id=\"722ba1f\" data-element_type=\"widget\" data-widget_type=\"text-editor.default\">\n\t\t\t\t<div class=\"elementor-widget-container\">\n\t\t\t\t\t\t\t\t\t<p class=\"MsoNormal\"><span style=\"font-size: 10.5pt; line-height: 107%; font-family: 'Arial','sans-serif'; color: black;\">A preocupa\u00e7\u00e3o com o meio ambiente \u00e9 um dos diferenciais da Morandin Produtos Cer\u00e2micos.\u00a0<br \/>Al\u00e9m de utilizar somente argilas legalizadas por org\u00e3os competentes, a Morandin Produtos Cer\u00e2micos tem um consumo sustent\u00e1vel de lenha: N\u00e3o utiliza mata nativa, sendo substitu\u00eddo por lenha de reflorestamento. Com essas atitudes em respeito ao meio ambiente, j\u00e1 foram plantadas mais de 130.000 mudas de eucal\u00edpto. E ainda conta com um sistema de reutiliza\u00e7\u00e3o de 50 % da \u00e1gua da chuva.<\/span><\/p>\t\t\t\t\t\t\t\t<\/div>\n\t\t\t\t<\/div>\n\t\t\t\t\t<\/div>\n\t\t<\/div>\n\t\t\t\t\t<\/div>\n\t\t<\/section>\n\t\t\t\t<section class=\"elementor-section elementor-top-section elementor-element elementor-element-dfdc58b elementor-section-boxed elementor-section-height-default elementor-section-height-default\" data-id=\"dfdc58b\" data-element_type=\"section\">\n\t\t\t\t\t\t<div class=\"elementor-container elementor-column-gap-default\">\n\t\t\t\t\t<div class=\"elementor-column elementor-col-100 elementor-top-column elementor-element elementor-element-b5b6a2c\" data-id=\"b5b6a2c\" data-element_type=\"column\">\n\t\t\t<div class=\"elementor-widget-wrap elementor-element-populated\">\n\t\t\t\t\t\t<div class=\"elementor-element elementor-element-3083aa4 elementor-widget elementor-widget-image\" data-id=\"3083aa4\" data-element_type=\"widget\" data-widget_type=\"image.default\">\n\t\t\t\t<div class=\"elementor-widget-container\">\n\t\t\t\t\t\t\t\t\t\t\t\t\t\t\t<img decoding=\"async\" width=\"916\" height=\"112\" src=\"https:\/\/telhasmorandin.com.br\/wp-content\/uploads\/2022\/03\/sustenbilidade-foto.png\" class=\"attachment-large size-large wp-image-115\" alt=\"\" srcset=\"https:\/\/telhasmorandin.com.br\/wp-content\/uploads\/2022\/03\/sustenbilidade-foto.png 916w, https:\/\/telhasmorandin.com.br\/wp-content\/uploads\/2022\/03\/sustenbilidade-foto-300x37.png 300w, https:\/\/telhasmorandin.com.br\/wp-content\/uploads\/2022\/03\/sustenbilidade-foto-768x94.png 768w\" sizes=\"(max-width: 916px) 100vw, 916px\" \/>\t\t\t\t\t\t\t\t\t\t\t\t\t\t\t<\/div>\n\t\t\t\t<\/div>\n\t\t\t\t\t<\/div>\n\t\t<\/div>\n\t\t\t\t\t<\/div>\n\t\t<\/section>\n\t\t\t\t<section class=\"elementor-section elementor-top-section elementor-element elementor-element-4a44582e elementor-section-boxed elementor-section-height-default elementor-section-height-default\" data-id=\"4a44582e\" data-element_type=\"section\">\n\t\t\t\t\t\t<div class=\"elementor-container elementor-column-gap-default\">\n\t\t\t\t\t<div class=\"elementor-column elementor-col-100 elementor-top-column elementor-element elementor-element-4f6306a\" data-id=\"4f6306a\" data-element_type=\"column\">\n\t\t\t<div class=\"elementor-widget-wrap elementor-element-populated\">\n\t\t\t\t\t\t<section class=\"elementor-section elementor-inner-section elementor-element elementor-element-2f972a35 elementor-section-boxed elementor-section-height-default elementor-section-height-default\" data-id=\"2f972a35\" data-element_type=\"section\">\n\t\t\t\t\t\t<div class=\"elementor-container elementor-column-gap-default\">\n\t\t\t\t\t<div class=\"elementor-column elementor-col-100 elementor-inner-column elementor-element elementor-element-7966ca74\" data-id=\"7966ca74\" data-element_type=\"column\">\n\t\t\t<div class=\"elementor-widget-wrap elementor-element-populated\">\n\t\t\t\t\t\t<div class=\"elementor-element elementor-element-6f37fd74 elementor-widget elementor-widget-text-editor\" data-id=\"6f37fd74\" data-element_type=\"widget\" data-widget_type=\"text-editor.default\">\n\t\t\t\t<div class=\"elementor-widget-container\">\n\t\t\t\t\t\t\t\t\t<p><strong>Morandin Produtos Cer\u00e2micos<\/strong><br>Estrada Municipal Tamba\u00fa &#8211; Campo Redondo, Km 0,2 &#8211;&nbsp;Zona Rural &#8211; Tamba\u00fa &#8211; SP &#8211; CEP 13.710-000<br>(19) 3673.1860&nbsp;&#8211; 3673.3190 &nbsp; &nbsp; &nbsp; &nbsp; &nbsp; &nbsp;<a href=\"mailto:csa@csamorandin.com.br?subject=Contato%20atrav%E9s%20do%20site\">vendas@telhasmorandin.com.br<\/a><\/p>\t\t\t\t\t\t\t\t<\/div>\n\t\t\t\t<\/div>\n\t\t\t\t\t<\/div>\n\t\t<\/div>\n\t\t\t\t\t<\/div>\n\t\t<\/section>\n\t\t\t\t<section class=\"elementor-section elementor-inner-section elementor-element elementor-element-16fc6c64 elementor-section-content-middle elementor-section-boxed elementor-section-height-default elementor-section-height-default\" data-id=\"16fc6c64\" data-element_type=\"section\">\n\t\t\t\t\t\t<div class=\"elementor-container elementor-column-gap-default\">\n\t\t\t\t\t<div class=\"elementor-column elementor-col-100 elementor-inner-column elementor-element elementor-element-6cfeb2a\" data-id=\"6cfeb2a\" data-element_type=\"column\">\n\t\t\t<div class=\"elementor-widget-wrap elementor-element-populated\">\n\t\t\t\t\t\t<div class=\"elementor-element elementor-element-52a3a25b elementor-icon-list--layout-inline elementor-widget__width-auto elementor-mobile-align-center elementor-widget-mobile__width-inherit elementor-list-item-link-full_width elementor-widget elementor-widget-icon-list\" data-id=\"52a3a25b\" data-element_type=\"widget\" data-widget_type=\"icon-list.default\">\n\t\t\t\t<div class=\"elementor-widget-container\">\n\t\t\t\t\t\t\t<ul class=\"elementor-icon-list-items elementor-inline-items\">\n\t\t\t\t\t\t\t<li class=\"elementor-icon-list-item elementor-inline-item\">\n\t\t\t\t\t\t\t\t\t\t\t<a href=\"https:\/\/www.facebook.com\/telhasmorandin\">\n\n\t\t\t\t\t\t\t\t\t\t\t\t<span class=\"elementor-icon-list-icon\">\n\t\t\t\t\t\t\t<i aria-hidden=\"true\" class=\"fab fa-facebook-square\"><\/i>\t\t\t\t\t\t<\/span>\n\t\t\t\t\t\t\t\t\t\t<span class=\"elementor-icon-list-text\"><\/span>\n\t\t\t\t\t\t\t\t\t\t\t<\/a>\n\t\t\t\t\t\t\t\t\t<\/li>\n\t\t\t\t\t\t\t\t<li class=\"elementor-icon-list-item elementor-inline-item\">\n\t\t\t\t\t\t\t\t\t\t\t<a href=\"https:\/\/api.whatsapp.com\/send?phone=5519971308563&#038;text=Ol%C3%A1!%20Gostaria,%20de%20um%20or%C3%A7amento!%20Vim%20atrav%C3%A9s%20do%20site\">\n\n\t\t\t\t\t\t\t\t\t\t\t\t<span class=\"elementor-icon-list-icon\">\n\t\t\t\t\t\t\t<i aria-hidden=\"true\" class=\"fab fa-whatsapp\"><\/i>\t\t\t\t\t\t<\/span>\n\t\t\t\t\t\t\t\t\t\t<span class=\"elementor-icon-list-text\"><\/span>\n\t\t\t\t\t\t\t\t\t\t\t<\/a>\n\t\t\t\t\t\t\t\t\t<\/li>\n\t\t\t\t\t\t<\/ul>\n\t\t\t\t\t\t<\/div>\n\t\t\t\t<\/div>\n\t\t\t\t\t<\/div>\n\t\t<\/div>\n\t\t\t\t\t<\/div>\n\t\t<\/section>\n\t\t\t\t\t<\/div>\n\t\t<\/div>\n\t\t\t\t\t<\/div>\n\t\t<\/section>\n\t\t\t\t<\/div>\n\t\t","protected":false},"excerpt":{"rendered":"<p>Nossa Empresa A Empresa Morandin Produtos Cer\u00e2micos, fundada em 1968, contando atualmente com 20.000 m de \u00e1rea, est\u00e1 estrategicamente instalada na cidade de Tamba\u00fa\/SP, um dos maiores p\u00f3los de cer\u00e2mica vermelha do Brasil. As telhas produzidas pela Morandin Produtos Cer\u00e2micos foram elaboradas atendendo um rigoroso controle de qualidade, observado desde a extra\u00e7\u00e3o da argila at\u00e9 [&hellip;]<\/p>\n","protected":false},"author":1,"featured_media":0,"parent":0,"menu_order":0,"comment_status":"closed","ping_status":"closed","template":"elementor_canvas","meta":{"footnotes":""},"class_list":["post-12","page","type-page","status-publish","hentry","entry"],"_links":{"self":[{"href":"https:\/\/telhasmorandin.com.br\/index.php\/wp-json\/wp\/v2\/pages\/12","targetHints":{"allow":["GET"]}}],"collection":[{"href":"https:\/\/telhasmorandin.com.br\/index.php\/wp-json\/wp\/v2\/pages"}],"about":[{"href":"https:\/\/telhasmorandin.com.br\/index.php\/wp-json\/wp\/v2\/types\/page"}],"author":[{"embeddable":true,"href":"https:\/\/telhasmorandin.com.br\/index.php\/wp-json\/wp\/v2\/users\/1"}],"replies":[{"embeddable":true,"href":"https:\/\/telhasmorandin.com.br\/index.php\/wp-json\/wp\/v2\/comments?post=12"}],"version-history":[{"count":16,"href":"https:\/\/telhasmorandin.com.br\/index.php\/wp-json\/wp\/v2\/pages\/12\/revisions"}],"predecessor-version":[{"id":298,"href":"https:\/\/telhasmorandin.com.br\/index.php\/wp-json\/wp\/v2\/pages\/12\/revisions\/298"}],"wp:attachment":[{"href":"https:\/\/telhasmorandin.com.br\/index.php\/wp-json\/wp\/v2\/media?parent=12"}],"curies":[{"name":"wp","href":"https:\/\/api.w.org\/{rel}","templated":true}]}}